{"id":653,"date":"2024-02-29T23:01:44","date_gmt":"2024-02-29T22:01:44","guid":{"rendered":"https:\/\/villarosafriuli.com\/de\/?page_id=653"},"modified":"2025-05-04T15:46:30","modified_gmt":"2025-05-04T13:46:30","slug":"ferienwohnung-italien-friuli-zwischen-alpen-und-adria-fur-4-personen","status":"publish","type":"page","link":"https:\/\/villarosafriuli.com\/de\/ferienwohnung-italien-friuli-zwischen-alpen-und-adria-fur-4-personen\/","title":{"rendered":"Feri\u00aden\u00adwoh\u00adnung Arzino: Friaul, Italien zwischen Alpen und Adria, f\u00fcr bis zu 3 Personen"},"content":{"rendered":"\n<h2 class=\"wp-block-heading\" style=\"font-size:52px\">Feri\u00aden\u00adwoh\u00adnung Arzino<\/h2>\n\n\n\n<h3 class=\"wp-block-heading\">Appart\u00adment mit Fern\u00adblick ins Friaul<\/h3>\n\n\n\n<p class=\"has-small-font-size\">Die Feri\u00aden\u00adwoh\u00adnung Arzino befindet sich im ersten Stock der <em>Villa Rosa Friuli<\/em> neben der Wohnung Meduna und bietet euch alles, was ihr f\u00fcr einen entspannten Aufent\u00adhalt braucht. \u00dcber eine Au\u00dfen\u00adtreppe und den gro\u00dfen Balkon erreicht ihr das 57 m<sup>2<\/sup> gro\u00dfe Apart\u00adment. Der vordere nach S\u00fcden ausge\u00adrich\u00adtete Wohn\u2011, Ess- und Koch\u00adbe\u00adreich ist licht\u00addurch\u00adflutet und offen gestaltet. Der Balkon steht euch gemeinsam mit den G\u00e4sten von Apart\u00adment Meduna zur Verf\u00fc\u00adgung. Ihr findet dort Ess- und Sitz\u00adm\u00f6g\u00adlich\u00adkeiten und habt eine einma\u00adlige Aussicht. Im hinteren Bereich der Feri\u00aden\u00adwoh\u00adnung befinden sich zwei Schlaf\u00adzimmer \u2014 eines mit Doppel \u2013 und eins mit Einzel\u00adbett \u2014 sowie das Bad mit Dusche und WC. <\/p>\n\n\n\n<p class=\"has-small-font-size\">Das Apart\u00adment ist ideal f\u00fcr bis zu drei Personen. Bett\u00adw\u00e4\u00adsche und Hand\u00adt\u00fc\u00adcher sind inklu\u00adsive. Die K\u00fcche ist komplett ausge\u00adstattet und ihr findet dort Herd, Back\u00adofen, K\u00fchl\u00adschrank (mit Gefrier\u00adfach), Espres\u00adso\u00adko\u00adcher, Frech Press, Toaster und Wasser\u00adko\u00adcher und nat\u00fcr\u00adlich alles, was ihr sonst zum Kochen braucht.<\/p>\n\n\n\n<div class=\"wp-block-group gelb has-secondary-color has-border-background-color has-text-color has-background has-link-color\"><div class=\"wp-block-group__inner-container is-layout-constrained wp-block-group-is-layout-constrained\">\n<h3 class=\"wp-block-heading has-text-align-left\">Auf einen Blick<\/h3>\n\n\n\n<div class=\"wp-block-columns alignwide no-top-margin is-layout-flex wp-container-core-columns-is-layout-1 wp-block-columns-is-layout-flex\">\n<div class=\"wp-block-column has-text-color has-link-color is-layout-flow wp-block-column-is-layout-flow\" style=\"color:#2f2f2f;flex-basis:40%\">\n<ul class=\"dark has-buttons-text-color has-text-color has-link-color\">\n<li class=\"has-small-font-size\">offener Koch-Ess-Wohn\u00adbe\u00adreich<\/li>\n\n\n\n<li class=\"has-small-font-size\">komplett ausge\u00adstat\u00adtete K\u00fcche<\/li>\n\n\n\n<li class=\"has-small-font-size\">gro\u00dfer Gemein\u00adschafts\u00adbalkon<\/li>\n<\/ul>\n<\/div>\n\n\n\n<div class=\"wp-block-column has-text-color has-link-color is-layout-flow wp-block-column-is-layout-flow\" style=\"color:#2f2f2f;flex-basis:30%\">\n<ul class=\"dark has-buttons-text-color has-text-color has-link-color\">\n<li class=\"has-small-font-size\">55 qm Wohn\u00adfl\u00e4che<\/li>\n\n\n\n<li class=\"has-small-font-size\">2 Schlaf\u00adzimmer<\/li>\n\n\n\n<li class=\"has-small-font-size\">1 Bad<\/li>\n<\/ul>\n<\/div>\n\n\n\n<div class=\"wp-block-column has-secondary-color has-text-color has-link-color is-layout-flow wp-block-column-is-layout-flow\" style=\"flex-basis:30%\">\n<ul class=\"dark has-buttons-text-color has-text-color has-link-color\">\n<li class=\"has-small-font-size\">Park\u00adm\u00f6g\u00adlich\u00adkeit<\/li>\n\n\n\n<li class=\"has-small-font-size\">WLAN<\/li>\n\n\n\n<li class=\"has-small-font-size\">Zugang zum Garten<\/li>\n<\/ul>\n<\/div>\n<\/div>\n<\/div><\/div>\n\n\n<div class=\"mgznkr-img-slider slides has-nested-images columns-default mgznkr-img-slider alignwide slider-cropped\" id=\"mgznkr-img-slider-_974_981_977_1123_1121_1129_980_979_333_976_975_978_973_731_128\">\n<div class=\"slide-1\"><div class=\" slide-img-crop\"><img loading=\"lazy\" decoding=\"async\" width=\"1200\" height=\"900\" src=\"https:\/\/villarosafriuli.com\/de\/wp-content\/uploads\/sites\/2\/2024\/04\/WZ-1-Arzino.jpg\" class=\"attachment-full  slide-img-crop\" alt srcset=\"https:\/\/villarosafriuli.com\/de\/wp-content\/uploads\/sites\/2\/2024\/04\/WZ-1-Arzino.jpg 1200w, https:\/\/villarosafriuli.com\/de\/wp-content\/uploads\/sites\/2\/2024\/04\/WZ-1-Arzino-300x225.jpg 300w, https:\/\/villarosafriuli.com\/de\/wp-content\/uploads\/sites\/2\/2024\/04\/WZ-1-Arzino-1024x768.jpg 1024w, https:\/\/villarosafriuli.com\/de\/wp-content\/uploads\/sites\/2\/2024\/04\/WZ-1-Arzino-768x576.jpg 768w, https:\/\/villarosafriuli.com\/de\/wp-content\/uploads\/sites\/2\/2024\/04\/WZ-1-Arzino-540x405.jpg 540w, https:\/\/villarosafriuli.com\/de\/wp-content\/uploads\/sites\/2\/2024\/04\/WZ-1-Arzino-1080x810.jpg 1080w\" sizes=\"(max-width: 1200px) 100vw, 1200px\"><\/div><\/div>\n<div class=\"slide-2\"><div class=\" slide-img-crop\"><img loading=\"lazy\" decoding=\"async\" width=\"1200\" height=\"900\" src=\"https:\/\/villarosafriuli.com\/de\/wp-content\/uploads\/sites\/2\/2024\/04\/WZ-5-Arzino.jpg\" class=\"attachment-full  slide-img-crop\" alt srcset=\"https:\/\/villarosafriuli.com\/de\/wp-content\/uploads\/sites\/2\/2024\/04\/WZ-5-Arzino.jpg 1200w, https:\/\/villarosafriuli.com\/de\/wp-content\/uploads\/sites\/2\/2024\/04\/WZ-5-Arzino-300x225.jpg 300w, https:\/\/villarosafriuli.com\/de\/wp-content\/uploads\/sites\/2\/2024\/04\/WZ-5-Arzino-1024x768.jpg 1024w, https:\/\/villarosafriuli.com\/de\/wp-content\/uploads\/sites\/2\/2024\/04\/WZ-5-Arzino-768x576.jpg 768w, https:\/\/villarosafriuli.com\/de\/wp-content\/uploads\/sites\/2\/2024\/04\/WZ-5-Arzino-540x405.jpg 540w, https:\/\/villarosafriuli.com\/de\/wp-content\/uploads\/sites\/2\/2024\/04\/WZ-5-Arzino-1080x810.jpg 1080w\" sizes=\"(max-width: 1200px) 100vw, 1200px\"><\/div><\/div>\n<div class=\"slide-3\"><div class=\" slide-img-crop\"><img loading=\"lazy\" decoding=\"async\" width=\"1200\" height=\"900\" src=\"https:\/\/villarosafriuli.com\/de\/wp-content\/uploads\/sites\/2\/2024\/04\/WZ-2-Arzino.jpg\" class=\"attachment-full  slide-img-crop\" alt srcset=\"https:\/\/villarosafriuli.com\/de\/wp-content\/uploads\/sites\/2\/2024\/04\/WZ-2-Arzino.jpg 1200w, https:\/\/villarosafriuli.com\/de\/wp-content\/uploads\/sites\/2\/2024\/04\/WZ-2-Arzino-300x225.jpg 300w, https:\/\/villarosafriuli.com\/de\/wp-content\/uploads\/sites\/2\/2024\/04\/WZ-2-Arzino-1024x768.jpg 1024w, https:\/\/villarosafriuli.com\/de\/wp-content\/uploads\/sites\/2\/2024\/04\/WZ-2-Arzino-768x576.jpg 768w, https:\/\/villarosafriuli.com\/de\/wp-content\/uploads\/sites\/2\/2024\/04\/WZ-2-Arzino-540x405.jpg 540w, https:\/\/villarosafriuli.com\/de\/wp-content\/uploads\/sites\/2\/2024\/04\/WZ-2-Arzino-1080x810.jpg 1080w\" sizes=\"(max-width: 1200px) 100vw, 1200px\"><\/div><\/div>\n<div class=\"slide-4\"><div class=\" slide-img-crop\"><img loading=\"lazy\" decoding=\"async\" width=\"1200\" height=\"1600\" src=\"https:\/\/villarosafriuli.com\/de\/wp-content\/uploads\/sites\/2\/2024\/05\/Balkon-oben-1.jpg\" class=\"attachment-full  slide-img-crop\" alt srcset=\"https:\/\/villarosafriuli.com\/de\/wp-content\/uploads\/sites\/2\/2024\/05\/Balkon-oben-1.jpg 1200w, https:\/\/villarosafriuli.com\/de\/wp-content\/uploads\/sites\/2\/2024\/05\/Balkon-oben-1-225x300.jpg 225w, https:\/\/villarosafriuli.com\/de\/wp-content\/uploads\/sites\/2\/2024\/05\/Balkon-oben-1-768x1024.jpg 768w, https:\/\/villarosafriuli.com\/de\/wp-content\/uploads\/sites\/2\/2024\/05\/Balkon-oben-1-1152x1536.jpg 1152w, https:\/\/villarosafriuli.com\/de\/wp-content\/uploads\/sites\/2\/2024\/05\/Balkon-oben-1-540x720.jpg 540w, https:\/\/villarosafriuli.com\/de\/wp-content\/uploads\/sites\/2\/2024\/05\/Balkon-oben-1-1080x1440.jpg 1080w\" sizes=\"(max-width: 1200px) 100vw, 1200px\"><\/div><\/div>\n<div class=\"slide-5\"><div class=\" slide-img-crop\"><img loading=\"lazy\" decoding=\"async\" width=\"1200\" height=\"1600\" src=\"https:\/\/villarosafriuli.com\/de\/wp-content\/uploads\/sites\/2\/2024\/05\/Bakon-oben-2.jpg\" class=\"attachment-full  slide-img-crop\" alt srcset=\"https:\/\/villarosafriuli.com\/de\/wp-content\/uploads\/sites\/2\/2024\/05\/Bakon-oben-2.jpg 1200w, https:\/\/villarosafriuli.com\/de\/wp-content\/uploads\/sites\/2\/2024\/05\/Bakon-oben-2-225x300.jpg 225w, https:\/\/villarosafriuli.com\/de\/wp-content\/uploads\/sites\/2\/2024\/05\/Bakon-oben-2-768x1024.jpg 768w, https:\/\/villarosafriuli.com\/de\/wp-content\/uploads\/sites\/2\/2024\/05\/Bakon-oben-2-1152x1536.jpg 1152w, https:\/\/villarosafriuli.com\/de\/wp-content\/uploads\/sites\/2\/2024\/05\/Bakon-oben-2-540x720.jpg 540w, https:\/\/villarosafriuli.com\/de\/wp-content\/uploads\/sites\/2\/2024\/05\/Bakon-oben-2-1080x1440.jpg 1080w\" sizes=\"(max-width: 1200px) 100vw, 1200px\"><\/div><\/div>\n<div class=\"slide-6\"><div class=\" slide-img-crop\"><img loading=\"lazy\" decoding=\"async\" width=\"1600\" height=\"1200\" src=\"https:\/\/villarosafriuli.com\/de\/wp-content\/uploads\/sites\/2\/2024\/05\/Haus-von-Seite.jpg\" class=\"attachment-full  slide-img-crop\" alt srcset=\"https:\/\/villarosafriuli.com\/de\/wp-content\/uploads\/sites\/2\/2024\/05\/Haus-von-Seite.jpg 1600w, https:\/\/villarosafriuli.com\/de\/wp-content\/uploads\/sites\/2\/2024\/05\/Haus-von-Seite-300x225.jpg 300w, https:\/\/villarosafriuli.com\/de\/wp-content\/uploads\/sites\/2\/2024\/05\/Haus-von-Seite-1024x768.jpg 1024w, https:\/\/villarosafriuli.com\/de\/wp-content\/uploads\/sites\/2\/2024\/05\/Haus-von-Seite-768x576.jpg 768w, https:\/\/villarosafriuli.com\/de\/wp-content\/uploads\/sites\/2\/2024\/05\/Haus-von-Seite-1536x1152.jpg 1536w, https:\/\/villarosafriuli.com\/de\/wp-content\/uploads\/sites\/2\/2024\/05\/Haus-von-Seite-540x405.jpg 540w, https:\/\/villarosafriuli.com\/de\/wp-content\/uploads\/sites\/2\/2024\/05\/Haus-von-Seite-1080x810.jpg 1080w\" sizes=\"(max-width: 1600px) 100vw, 1600px\"><\/div><\/div>\n<div class=\"slide-7\"><div class=\" slide-img-crop\"><img loading=\"lazy\" decoding=\"async\" width=\"900\" height=\"1200\" src=\"https:\/\/villarosafriuli.com\/de\/wp-content\/uploads\/sites\/2\/2024\/04\/WZ-3-Arzino.jpg\" class=\"attachment-full  slide-img-crop\" alt srcset=\"https:\/\/villarosafriuli.com\/de\/wp-content\/uploads\/sites\/2\/2024\/04\/WZ-3-Arzino.jpg 900w, https:\/\/villarosafriuli.com\/de\/wp-content\/uploads\/sites\/2\/2024\/04\/WZ-3-Arzino-225x300.jpg 225w, https:\/\/villarosafriuli.com\/de\/wp-content\/uploads\/sites\/2\/2024\/04\/WZ-3-Arzino-768x1024.jpg 768w, https:\/\/villarosafriuli.com\/de\/wp-content\/uploads\/sites\/2\/2024\/04\/WZ-3-Arzino-540x720.jpg 540w\" sizes=\"(max-width: 900px) 100vw, 900px\"><\/div><\/div>\n<div class=\"slide-8\"><div class=\" slide-img-crop\"><img loading=\"lazy\" decoding=\"async\" width=\"1043\" height=\"1200\" src=\"https:\/\/villarosafriuli.com\/de\/wp-content\/uploads\/sites\/2\/2024\/04\/WZ-4-Arzino.jpg\" class=\"attachment-full  slide-img-crop\" alt srcset=\"https:\/\/villarosafriuli.com\/de\/wp-content\/uploads\/sites\/2\/2024\/04\/WZ-4-Arzino.jpg 1043w, https:\/\/villarosafriuli.com\/de\/wp-content\/uploads\/sites\/2\/2024\/04\/WZ-4-Arzino-261x300.jpg 261w, https:\/\/villarosafriuli.com\/de\/wp-content\/uploads\/sites\/2\/2024\/04\/WZ-4-Arzino-890x1024.jpg 890w, https:\/\/villarosafriuli.com\/de\/wp-content\/uploads\/sites\/2\/2024\/04\/WZ-4-Arzino-768x884.jpg 768w, https:\/\/villarosafriuli.com\/de\/wp-content\/uploads\/sites\/2\/2024\/04\/WZ-4-Arzino-540x621.jpg 540w\" sizes=\"(max-width: 1043px) 100vw, 1043px\"><\/div><\/div>\n<div class=\"slide-9\"><div class=\" slide-img-crop\"><img loading=\"lazy\" decoding=\"async\" width=\"1920\" height=\"1288\" src=\"https:\/\/villarosafriuli.com\/de\/wp-content\/uploads\/sites\/2\/2024\/02\/Aussicht.jpg\" class=\"attachment-full  slide-img-crop\" alt srcset=\"https:\/\/villarosafriuli.com\/de\/wp-content\/uploads\/sites\/2\/2024\/02\/Aussicht.jpg 1920w, https:\/\/villarosafriuli.com\/de\/wp-content\/uploads\/sites\/2\/2024\/02\/Aussicht-300x201.jpg 300w, https:\/\/villarosafriuli.com\/de\/wp-content\/uploads\/sites\/2\/2024\/02\/Aussicht-1024x687.jpg 1024w, https:\/\/villarosafriuli.com\/de\/wp-content\/uploads\/sites\/2\/2024\/02\/Aussicht-768x515.jpg 768w, https:\/\/villarosafriuli.com\/de\/wp-content\/uploads\/sites\/2\/2024\/02\/Aussicht-1536x1030.jpg 1536w, https:\/\/villarosafriuli.com\/de\/wp-content\/uploads\/sites\/2\/2024\/02\/Aussicht-540x362.jpg 540w, https:\/\/villarosafriuli.com\/de\/wp-content\/uploads\/sites\/2\/2024\/02\/Aussicht-1080x725.jpg 1080w\" sizes=\"(max-width: 1920px) 100vw, 1920px\"><\/div><\/div>\n<div class=\"slide-10\"><div class=\" slide-img-crop\"><img loading=\"lazy\" decoding=\"async\" width=\"1200\" height=\"900\" src=\"https:\/\/villarosafriuli.com\/de\/wp-content\/uploads\/sites\/2\/2024\/04\/Schlafzimmer-klein-1-Arzino.jpg\" class=\"attachment-full  slide-img-crop\" alt srcset=\"https:\/\/villarosafriuli.com\/de\/wp-content\/uploads\/sites\/2\/2024\/04\/Schlafzimmer-klein-1-Arzino.jpg 1200w, https:\/\/villarosafriuli.com\/de\/wp-content\/uploads\/sites\/2\/2024\/04\/Schlafzimmer-klein-1-Arzino-300x225.jpg 300w, https:\/\/villarosafriuli.com\/de\/wp-content\/uploads\/sites\/2\/2024\/04\/Schlafzimmer-klein-1-Arzino-1024x768.jpg 1024w, https:\/\/villarosafriuli.com\/de\/wp-content\/uploads\/sites\/2\/2024\/04\/Schlafzimmer-klein-1-Arzino-768x576.jpg 768w, https:\/\/villarosafriuli.com\/de\/wp-content\/uploads\/sites\/2\/2024\/04\/Schlafzimmer-klein-1-Arzino-540x405.jpg 540w, https:\/\/villarosafriuli.com\/de\/wp-content\/uploads\/sites\/2\/2024\/04\/Schlafzimmer-klein-1-Arzino-1080x810.jpg 1080w\" sizes=\"(max-width: 1200px) 100vw, 1200px\"><\/div><\/div>\n<div class=\"slide-11\"><div class=\" slide-img-crop\"><img loading=\"lazy\" decoding=\"async\" width=\"900\" height=\"1200\" src=\"https:\/\/villarosafriuli.com\/de\/wp-content\/uploads\/sites\/2\/2024\/04\/Schlafzimmer-klein-2-Arzino.jpg\" class=\"attachment-full  slide-img-crop\" alt srcset=\"https:\/\/villarosafriuli.com\/de\/wp-content\/uploads\/sites\/2\/2024\/04\/Schlafzimmer-klein-2-Arzino.jpg 900w, https:\/\/villarosafriuli.com\/de\/wp-content\/uploads\/sites\/2\/2024\/04\/Schlafzimmer-klein-2-Arzino-225x300.jpg 225w, https:\/\/villarosafriuli.com\/de\/wp-content\/uploads\/sites\/2\/2024\/04\/Schlafzimmer-klein-2-Arzino-768x1024.jpg 768w, https:\/\/villarosafriuli.com\/de\/wp-content\/uploads\/sites\/2\/2024\/04\/Schlafzimmer-klein-2-Arzino-540x720.jpg 540w\" sizes=\"(max-width: 900px) 100vw, 900px\"><\/div><\/div>\n<div class=\"slide-12\"><div class=\" slide-img-crop\"><img loading=\"lazy\" decoding=\"async\" width=\"1200\" height=\"900\" src=\"https:\/\/villarosafriuli.com\/de\/wp-content\/uploads\/sites\/2\/2024\/04\/Schlafzimmer-gross-Arzino.jpg\" class=\"attachment-full  slide-img-crop\" alt srcset=\"https:\/\/villarosafriuli.com\/de\/wp-content\/uploads\/sites\/2\/2024\/04\/Schlafzimmer-gross-Arzino.jpg 1200w, https:\/\/villarosafriuli.com\/de\/wp-content\/uploads\/sites\/2\/2024\/04\/Schlafzimmer-gross-Arzino-300x225.jpg 300w, https:\/\/villarosafriuli.com\/de\/wp-content\/uploads\/sites\/2\/2024\/04\/Schlafzimmer-gross-Arzino-1024x768.jpg 1024w, https:\/\/villarosafriuli.com\/de\/wp-content\/uploads\/sites\/2\/2024\/04\/Schlafzimmer-gross-Arzino-768x576.jpg 768w, https:\/\/villarosafriuli.com\/de\/wp-content\/uploads\/sites\/2\/2024\/04\/Schlafzimmer-gross-Arzino-540x405.jpg 540w, https:\/\/villarosafriuli.com\/de\/wp-content\/uploads\/sites\/2\/2024\/04\/Schlafzimmer-gross-Arzino-1080x810.jpg 1080w\" sizes=\"(max-width: 1200px) 100vw, 1200px\"><\/div><\/div>\n<div class=\"slide-13\"><div class=\" slide-img-crop\"><img loading=\"lazy\" decoding=\"async\" width=\"1200\" height=\"900\" src=\"https:\/\/villarosafriuli.com\/de\/wp-content\/uploads\/sites\/2\/2024\/04\/Bad-Arzino.jpg\" class=\"attachment-full  slide-img-crop\" alt srcset=\"https:\/\/villarosafriuli.com\/de\/wp-content\/uploads\/sites\/2\/2024\/04\/Bad-Arzino.jpg 1200w, https:\/\/villarosafriuli.com\/de\/wp-content\/uploads\/sites\/2\/2024\/04\/Bad-Arzino-300x225.jpg 300w, https:\/\/villarosafriuli.com\/de\/wp-content\/uploads\/sites\/2\/2024\/04\/Bad-Arzino-1024x768.jpg 1024w, https:\/\/villarosafriuli.com\/de\/wp-content\/uploads\/sites\/2\/2024\/04\/Bad-Arzino-768x576.jpg 768w, https:\/\/villarosafriuli.com\/de\/wp-content\/uploads\/sites\/2\/2024\/04\/Bad-Arzino-540x405.jpg 540w, https:\/\/villarosafriuli.com\/de\/wp-content\/uploads\/sites\/2\/2024\/04\/Bad-Arzino-1080x810.jpg 1080w\" sizes=\"(max-width: 1200px) 100vw, 1200px\"><\/div><\/div>\n<div class=\"slide-14\"><div class=\" slide-img-crop\"><img loading=\"lazy\" decoding=\"async\" width=\"819\" height=\"600\" src=\"https:\/\/villarosafriuli.com\/de\/wp-content\/uploads\/sites\/2\/2024\/02\/Grundriss-Arzino.jpg\" class=\"attachment-full  slide-img-crop\" alt srcset=\"https:\/\/villarosafriuli.com\/de\/wp-content\/uploads\/sites\/2\/2024\/02\/Grundriss-Arzino.jpg 819w, https:\/\/villarosafriuli.com\/de\/wp-content\/uploads\/sites\/2\/2024\/02\/Grundriss-Arzino-300x220.jpg 300w, https:\/\/villarosafriuli.com\/de\/wp-content\/uploads\/sites\/2\/2024\/02\/Grundriss-Arzino-768x563.jpg 768w, https:\/\/villarosafriuli.com\/de\/wp-content\/uploads\/sites\/2\/2024\/02\/Grundriss-Arzino-540x396.jpg 540w\" sizes=\"(max-width: 819px) 100vw, 819px\"><\/div><\/div>\n<div class=\"slide-15\"><div class=\" slide-img-crop\"><img loading=\"lazy\" decoding=\"async\" width=\"1536\" height=\"2048\" src=\"https:\/\/villarosafriuli.com\/de\/wp-content\/uploads\/sites\/2\/2024\/02\/IMG_9656.jpeg\" class=\"attachment-full  slide-img-crop\" alt srcset=\"https:\/\/villarosafriuli.com\/de\/wp-content\/uploads\/sites\/2\/2024\/02\/IMG_9656.jpeg 1536w, https:\/\/villarosafriuli.com\/de\/wp-content\/uploads\/sites\/2\/2024\/02\/IMG_9656-225x300.jpeg 225w, https:\/\/villarosafriuli.com\/de\/wp-content\/uploads\/sites\/2\/2024\/02\/IMG_9656-768x1024.jpeg 768w, https:\/\/villarosafriuli.com\/de\/wp-content\/uploads\/sites\/2\/2024\/02\/IMG_9656-1152x1536.jpeg 1152w, https:\/\/villarosafriuli.com\/de\/wp-content\/uploads\/sites\/2\/2024\/02\/IMG_9656-540x720.jpeg 540w, https:\/\/villarosafriuli.com\/de\/wp-content\/uploads\/sites\/2\/2024\/02\/IMG_9656-1080x1440.jpeg 1080w\" sizes=\"(max-width: 1536px) 100vw, 1536px\"><\/div><\/div>\n<\/div>\n\n\n<p class=\"has-small-font-size\"><\/p>\n\n\n\n<div class=\"wp-block-group mgznkr-elements mgznkr-box has-secondary-color has-border-background-color has-text-color has-background has-link-color\"><div class=\"wp-block-group__inner-container is-layout-flow wp-block-group-is-layout-flow\">\n<h3 class=\"wp-block-heading has-secondary-color has-text-color has-link-color\" style=\"font-size:45px\">Eckdaten Miete<\/h3>\n\n\n\n<ul class=\"dark\">\n<li class=\"has-small-font-size\">ab 75 Euro\/Nacht (nach Saison und Personen)<\/li>\n\n\n\n<li class=\"has-small-font-size\">max. 3 Personen<\/li>\n\n\n\n<li class=\"has-small-font-size\">36 Euro Endrei\u00adni\u00adgung<\/li>\n\n\n\n<li class=\"has-small-font-size\">2 N\u00e4chte Mindest\u00admiet\u00addauer<\/li>\n\n\n\n<li class=\"has-small-font-size\">Check in ab 17 Uhr<\/li>\n\n\n\n<li class=\"has-small-font-size\">Check out bis 10 Uhr<\/li>\n<\/ul>\n<\/div><\/div>\n\n\n\n<p class=\"has-text-align-center has-large-font-size\"><\/p>\n\n\n\n<h2 class=\"wp-block-heading\">\n      <div id=\"zhcal-root\" data-id=\"efbdfef1884dccd9d44597c70ad79f5d\" data-lang=\"de\"><\/div>\n      <script type=\"text\/javascript\" src=\"https:\/\/app.calendarapp.de\/loadcal.php\"><\/script>\n    <\/h2>\n\n\n\n<p class=\"has-small-font-size\">Euer Wunsch\u00adtermin ist frei?<a href=\"mailto:ralf@villarosafriuli.com\"> Dann k\u00f6nnt ihr uns hier direkt f\u00fcr ein indi\u00advi\u00addu\u00adelles Angebot kontak\u00adtieren \u00bb<\/a><\/p>\n\n\n\n<p class=\"has-small-font-size\">Ihr wollt euch eine Auszeit g\u00f6nnen und das Apart\u00adment auch au\u00dfer\u00adhalb der Haupt\u00adsaison oder in der Zeit von November bis M\u00e4rz (regul\u00e4r nicht buchbar) f\u00fcr l\u00e4nger als drei Wochen mieten? <a href=\"mailto:ralf@villarosafriuli.com\">Schreibt eine E\u2011Mail und wir machen euch ein pers\u00f6n\u00adli\u00adches Angebot \u00bb<\/a><\/p>\n\n\n\n<p><\/p>\n\n\n\n<p class=\"has-small-font-size\">Und hier geht\u2019s zu den anderen Feri\u00aden\u00adwoh\u00adnungen:<\/p>\n\n\n\n<a class=\"kachel\" href=\"https:\/\/villarosafriuli.com\/de\/ferienwohnung-italien-friaul-zwischen-alpen-und-adria-fur-1-bis-4-personen\/\">\n\n\n\n<div class=\"wp-block-group mgznkr-elements mgznkr-box kachel has-buttons-text-color has-text-color has-background has-link-color\" style=\"background-color:#e8412c\"><div class=\"wp-block-group__inner-container is-layout-flow wp-block-group-is-layout-flow\">\n<h2 class=\"wp-block-heading has-buttons-text-color has-text-color has-link-color\">Apart\u00adment Meduna <\/h2>\n\n\n\n<p class=\"has-text-align-right mehr-erfahren has-buttons-text-color has-text-color has-link-color\"><span style=\"text-decoration: underline;\">mehr erfahren<\/span> <i class=\"mgznkr-icon fa fas fa-arrow-alt-circle-right far\"><\/i><\/p>\n\n\n\n<div class=\"wp-block-columns is-layout-flex wp-container-core-columns-is-layout-2 wp-block-columns-is-layout-flex\">\n<div class=\"wp-block-column is-layout-flow wp-block-column-is-layout-flow\" style=\"flex-basis:38%\">\n<p>Bele\u00adgung<strong><br>bis 3  Personen <\/strong><\/p>\n<\/div>\n\n\n\n<div class=\"wp-block-column is-layout-flow wp-block-column-is-layout-flow\" style=\"flex-basis:38%\">\n<p>Zimmer<strong><br>3 Zimmer \/ 1 Bad<\/strong><\/p>\n<\/div>\n\n\n\n<div class=\"wp-block-column is-layout-flow wp-block-column-is-layout-flow\" style=\"flex-basis:24%\">\n<p>Preis\/Nacht<strong><br>ab 75 \u20ac <\/strong>(nach Saison)<\/p>\n<\/div>\n<\/div>\n<\/div><\/div>\n\n\n\n<\/a>\n\n\n\n<a class=\"kachel\" href=\"https:\/\/villarosafriuli.com\/de\/ferienwohnung-italien-friuli-zwischen-alpen-und-adria-am-tagliamento\/\">\n\n\n\n<div class=\"wp-block-group mgznkr-elements mgznkr-box kachel has-buttons-text-color has-buttons-background-background-color has-text-color has-background has-link-color\"><div class=\"wp-block-group__inner-container is-layout-flow wp-block-group-is-layout-flow\">\n<h2 class=\"wp-block-heading has-buttons-text-color has-text-color has-link-color\">Apart\u00adment Taglia\u00admento<\/h2>\n\n\n\n<p class=\"has-text-align-right mehr-erfahren has-buttons-text-color has-text-color has-link-color\"><span style=\"text-decoration: underline;\">mehr erfahren<\/span> <i class=\"mgznkr-icon fa fas fa-arrow-alt-circle-right far\"><\/i><\/p>\n\n\n\n<div class=\"wp-block-columns is-layout-flex wp-container-core-columns-is-layout-3 wp-block-columns-is-layout-flex\">\n<div class=\"wp-block-column is-layout-flow wp-block-column-is-layout-flow\" style=\"flex-basis:38%\">\n<p class=\"has-buttons-text-color has-text-color has-link-color\">Bele\u00adgung<strong><br>6 Personen <\/strong><\/p>\n<\/div>\n\n\n\n<div class=\"wp-block-column is-layout-flow wp-block-column-is-layout-flow\" style=\"flex-basis:38%\">\n<p class=\"has-buttons-text-color has-text-color has-link-color\">Zimmer<strong><br>4 Zimmer \/ 2 B\u00e4der<\/strong><\/p>\n<\/div>\n\n\n\n<div class=\"wp-block-column is-layout-flow wp-block-column-is-layout-flow\" style=\"flex-basis:24%\">\n<p class=\"has-buttons-text-color has-text-color has-link-color\">Preis\/Nacht<strong><br>ab 120 \u20ac<\/strong> (nach Saison\/Personen)<\/p>\n<\/div>\n<\/div>\n<\/div><\/div>\n\n\n\n<\/a>\n\n\n\n<p class=\"has-border-background-color has-background has-normal-font-size\"><strong>Und jetzt? Lust, das Friaul zu entde\u00adcken?<\/strong><br>Schau hier, was dich in der Umge\u00adbung der <em>Villa Rosa Friuli<\/em> erwartet:<a href=\"https:\/\/villarosafriuli.com\/de\/?page_id=736&amp;preview=1&amp;_ppp=c07411b1e5\"> <\/a><br><a href=\"https:\/\/villarosafriuli.com\/de\/?page_id=736&amp;preview=1&amp;_ppp=c07411b1e5\">Friaul \u2014 Aben\u00adteu\u00ader\u00adland mit Chill\u00adfaktor\u00bb<\/a><\/p>\n\n\n\n<div class=\"wp-block-columns is-layout-flex wp-container-core-columns-is-layout-4 wp-block-columns-is-layout-flex\">\n<div class=\"wp-block-column is-layout-flow wp-block-column-is-layout-flow\" style=\"flex-basis:50%\"><\/div>\n\n\n\n<div class=\"wp-block-column is-layout-flow wp-block-column-is-layout-flow\" style=\"flex-basis:5.46%\">\n<p class=\"has-text-align-center has-border-color has-text-color has-link-color has-larger-font-size\">\u2b24<\/p>\n<\/div>\n\n\n\n<div class=\"wp-block-column is-layout-flow wp-block-column-is-layout-flow\" style=\"flex-basis:50%\"><\/div>\n<\/div>\n","protected":false},"excerpt":{"rendered":"<p>Feri\u00aden\u00adwoh\u00adnung Arzino Appart\u00adment mit Fern\u00adblick ins Friaul Die Feri\u00aden\u00adwoh\u00adnung Arzino befindet sich im ersten Stock der Villa Rosa Friuli neben der Wohnung Meduna und bietet euch alles, was\u2026<\/p>\n","protected":false},"author":1,"featured_media":113,"parent":0,"menu_order":0,"comment_status":"closed","ping_status":"closed","template":"template-cover.php","meta":{"wp_typography_post_enhancements_disabled":false,"footnotes":""},"_links":{"self":[{"href":"https:\/\/villarosafriuli.com\/de\/wp-json\/wp\/v2\/pages\/653"}],"collection":[{"href":"https:\/\/villarosafriuli.com\/de\/wp-json\/wp\/v2\/pages"}],"about":[{"href":"https:\/\/villarosafriuli.com\/de\/wp-json\/wp\/v2\/types\/page"}],"author":[{"embeddable":true,"href":"https:\/\/villarosafriuli.com\/de\/wp-json\/wp\/v2\/users\/1"}],"replies":[{"embeddable":true,"href":"https:\/\/villarosafriuli.com\/de\/wp-json\/wp\/v2\/comments?post=653"}],"version-history":[{"count":61,"href":"https:\/\/villarosafriuli.com\/de\/wp-json\/wp\/v2\/pages\/653\/revisions"}],"predecessor-version":[{"id":1265,"href":"https:\/\/villarosafriuli.com\/de\/wp-json\/wp\/v2\/pages\/653\/revisions\/1265"}],"wp:featuredmedia":[{"embeddable":true,"href":"https:\/\/villarosafriuli.com\/de\/wp-json\/wp\/v2\/media\/113"}],"wp:attachment":[{"href":"https:\/\/villarosafriuli.com\/de\/wp-json\/wp\/v2\/media?parent=653"}],"curies":[{"name":"wp","href":"https:\/\/api.w.org\/{rel}","templated":true}]}}